{"id":32,"date":"2019-05-05T12:00:02","date_gmt":"2019-05-05T10:00:02","guid":{"rendered":"https:\/\/schreggmimpfeli.ch\/wordpress\/?page_id=32"},"modified":"2019-10-24T20:48:50","modified_gmt":"2019-10-24T18:48:50","slug":"dschreggis","status":"publish","type":"page","link":"https:\/\/www.schreggmimpfeli.ch\/?page_id=32","title":{"rendered":"D&#8217;Schreggis"},"content":{"rendered":"\n<figure class=\"wp-block-image\"><img loading=\"lazy\" decoding=\"async\" width=\"1024\" height=\"683\" src=\"https:\/\/schreggmimpfeli.ch\/wordpress\/wp-content\/uploads\/2019\/05\/IMG-20190313-WA0021-1024x683.jpg\" alt=\"\" class=\"wp-image-106\" srcset=\"https:\/\/www.schreggmimpfeli.ch\/wordpress\/wp-content\/uploads\/2019\/05\/IMG-20190313-WA0021.jpg 1024w, https:\/\/www.schreggmimpfeli.ch\/wordpress\/wp-content\/uploads\/2019\/05\/IMG-20190313-WA0021-300x200.jpg 300w, https:\/\/www.schreggmimpfeli.ch\/wordpress\/wp-content\/uploads\/2019\/05\/IMG-20190313-WA0021-768x512.jpg 768w\" sizes=\"auto, (max-width: 767px) 89vw, (max-width: 1000px) 54vw, (max-width: 1071px) 543px, 580px\" \/><\/figure>\n\n\n\n<p>Lies jetzt bitte ganz, ganz genau, will es wird spannend. Du kennsch uns us dr Zyttig oder em Radio, wo unser Sujet oder Zeedel immer wieder zitiert wird.. Mir h\u00e4n all Joor e tolls Sujet und e sch\u00f6ns Koscht\u00fcm: Wenn L\u00fct uns gsehn, w\u00e4n sie uns al\u00e4nge, s&#8217;Koscht\u00fcm ha und w\u00e4rde vo K\u00fcnschtler als Motiv verw\u00e4ndet&#8230;<\/p>\n\n\n\n<h2 class=\"wp-block-heading\">Unseri Gruppe\u2026<\/h2>\n\n\n\n<p>\u2026 bestoot us 9 Pfyffer, eim dr\u00fcmmlige Dambuur und enere Hamfle Vordraab, wo uns immer sicher durch jedi Druggedde fiehrt.<\/p>\n\n\n\n<h2 class=\"wp-block-heading\" id=\"mce_2\">Unseri Fasnacht&#8230;<\/h2>\n\n\n\n<p>\u2026. goht vom Morgestraich bis zum \u00c4ndstraich.. N\u00e4bem G\u00e4ssle und em Cort\u00e8ge, wo mir mit mache, finde mir immer gnueg Zyt zum unser Muul wieder z&#8217;benetze und e Plausch z&#8217;ha.. Bi uns findisch e spannende Spagat zwische seri\u00f6s organisierter und trotzdem sehr unkomplizierter Fasnacht\u2026. <\/p>\n\n\n\n<h2 class=\"wp-block-heading\" id=\"mce_4\">Mir Pfyffe&#8230;<\/h2>\n\n\n\n<ul class=\"wp-block-list\"><li>dr 3. V\u00e4rs<\/li><li>Arabi<\/li><li>Die Alte Schwyzerm\u00e4rsch<\/li><li>Altfrangg<\/li><li>Basler Feschtspielm\u00e4rsch<\/li><li>z&#8217;Basel<\/li><li>Calvados<\/li><li>Gluggsi<\/li><li>Glopfgaischt<\/li><li>Duudelsagg<\/li><li>Luuser<\/li><li>L\u00e4ggerli<\/li><li>Pfyffer Retraitte<\/li><li>Ritterg\u00e4ssler<\/li><li>D&#8217;Route Synphonie<\/li><li>Ryslaifer<\/li><li>Unggle Sam<\/li><li>Naarebaschi<\/li><li>Die Neye Glaibasler<\/li><li>Saggoddo<\/li><li>Whiskey<\/li><li>Yankee<\/li><\/ul>\n","protected":false},"excerpt":{"rendered":"<p>Lies jetzt bitte ganz, ganz genau, will es wird spannend. Du kennsch uns us dr Zyttig oder em Radio, wo unser Sujet oder Zeedel immer wieder zitiert wird.. Mir h\u00e4n all Joor e tolls Sujet und e sch\u00f6ns Koscht\u00fcm: Wenn L\u00fct uns gsehn, w\u00e4n sie uns al\u00e4nge, s&#8217;Koscht\u00fcm ha und w\u00e4rde vo K\u00fcnschtler als Motiv &hellip; <\/p>\n<p class=\"link-more\"><a href=\"https:\/\/www.schreggmimpfeli.ch\/?page_id=32\" class=\"more-link\"><span class=\"screen-reader-text\">&#171;D&#8217;Schreggis&#187;<\/span> weiterlesen<\/a><\/p>\n","protected":false},"author":1,"featured_media":0,"parent":0,"menu_order":0,"comment_status":"closed","ping_status":"closed","template":"","meta":{"footnotes":""},"class_list":["post-32","page","type-page","status-publish","hentry"],"jetpack_sharing_enabled":true,"_links":{"self":[{"href":"https:\/\/www.schreggmimpfeli.ch\/index.php?rest_route=\/wp\/v2\/pages\/32","targetHints":{"allow":["GET"]}}],"collection":[{"href":"https:\/\/www.schreggmimpfeli.ch\/index.php?rest_route=\/wp\/v2\/pages"}],"about":[{"href":"https:\/\/www.schreggmimpfeli.ch\/index.php?rest_route=\/wp\/v2\/types\/page"}],"author":[{"embeddable":true,"href":"https:\/\/www.schreggmimpfeli.ch\/index.php?rest_route=\/wp\/v2\/users\/1"}],"replies":[{"embeddable":true,"href":"https:\/\/www.schreggmimpfeli.ch\/index.php?rest_route=%2Fwp%2Fv2%2Fcomments&post=32"}],"version-history":[{"count":12,"href":"https:\/\/www.schreggmimpfeli.ch\/index.php?rest_route=\/wp\/v2\/pages\/32\/revisions"}],"predecessor-version":[{"id":121,"href":"https:\/\/www.schreggmimpfeli.ch\/index.php?rest_route=\/wp\/v2\/pages\/32\/revisions\/121"}],"wp:attachment":[{"href":"https:\/\/www.schreggmimpfeli.ch\/index.php?rest_route=%2Fwp%2Fv2%2Fmedia&parent=32"}],"curies":[{"name":"wp","href":"https:\/\/api.w.org\/{rel}","templated":true}]}}